{"id":433,"date":"2020-08-27T16:29:48","date_gmt":"2020-08-27T16:29:48","guid":{"rendered":"https:\/\/aulavirtual.web.ve\/wp\/?page_id=433"},"modified":"2020-09-04T15:45:04","modified_gmt":"2020-09-04T15:45:04","slug":"classroom","status":"publish","type":"page","link":"https:\/\/aulavirtual.web.ve\/wp\/classroom\/","title":{"rendered":"Classroom"},"content":{"rendered":"<h3>Redaccion de producto cientifico<\/h3>\n<p style=\"text-align: justify;\">Fundaci\u00f3n Aula Virtual le extiende una invitaci\u00f3n al classroom v\u00eda Zoom cuyo tema es \u00abRedacci\u00f3n Producto Cient\u00edfico\u00bb.&nbsp;Para inscribirte solo debes completar los siguientes datos:<\/p>\n<p style=\"text-align: justify;\">Fecha: 5 septiembre 2020<\/p>\n<p style=\"text-align: justify;\">Hora: 5:00 pm. hora Venezuela.<\/p>\n\n<div class=\"wpcf7 no-js\" id=\"wpcf7-f432-o1\" lang=\"es-ES\" dir=\"ltr\" data-wpcf7-id=\"432\">\n<div class=\"screen-reader-response\"><p role=\"status\" aria-live=\"polite\" aria-atomic=\"true\"><\/p> <ul><\/ul><\/div>\n<form action=\"\/wp\/wp-json\/wp\/v2\/pages\/433#wpcf7-f432-o1\" method=\"post\" class=\"wpcf7-form init\" aria-label=\"Formulario de contacto\" novalidate=\"novalidate\" data-status=\"init\">\n<fieldset class=\"hidden-fields-container\"><input type=\"hidden\" name=\"_wpcf7\" value=\"432\" \/><input type=\"hidden\" name=\"_wpcf7_version\" value=\"6.1.5\" \/><input type=\"hidden\" name=\"_wpcf7_locale\" value=\"es_ES\" \/><input type=\"hidden\" name=\"_wpcf7_unit_tag\" value=\"wpcf7-f432-o1\" \/><input type=\"hidden\" name=\"_wpcf7_container_post\" value=\"0\" \/><input type=\"hidden\" name=\"_wpcf7_posted_data_hash\" value=\"\" \/>\n<\/fieldset>\n<p><label> Tu nombre y Apellido (obligatorio)<br \/>\n<span class=\"wpcf7-form-control-wrap\" data-name=\"your-name\"><input size=\"40\" maxlength=\"400\" class=\"wpcf7-form-control wpcf7-text wpcf7-validates-as-required\" aria-required=\"true\" aria-invalid=\"false\" value=\"\" type=\"text\" name=\"your-name\" \/><\/span> <\/label>\n<\/p>\n<p><label> Tu correo electr\u00f3nico (obligatorio)<br \/>\n<span class=\"wpcf7-form-control-wrap\" data-name=\"your-email\"><input size=\"40\" maxlength=\"400\" class=\"wpcf7-form-control wpcf7-email wpcf7-validates-as-required wpcf7-text wpcf7-validates-as-email\" aria-required=\"true\" aria-invalid=\"false\" value=\"\" type=\"email\" name=\"your-email\" \/><\/span> <\/label>\n<\/p>\n<p><label> Tel\u00e9fono (obligatorio)<br \/>\n<span class=\"wpcf7-form-control-wrap\" data-name=\"tel-903\"><input size=\"40\" maxlength=\"400\" class=\"wpcf7-form-control wpcf7-tel wpcf7-validates-as-required wpcf7-text wpcf7-validates-as-tel\" aria-required=\"true\" aria-invalid=\"false\" value=\"\" type=\"tel\" name=\"tel-903\" \/><\/span> <\/label>\n<\/p>\n<p><label> Pa\u00eds<br \/>\n<span class=\"wpcf7-form-control-wrap\" data-name=\"your-message\"><input size=\"40\" maxlength=\"400\" class=\"wpcf7-form-control wpcf7-text\" aria-invalid=\"false\" value=\"\" type=\"text\" name=\"your-message\" \/><\/span> <\/label>\n<\/p>\n<p><input class=\"wpcf7-form-control wpcf7-submit has-spinner\" type=\"submit\" value=\"Inscribirme\" \/>\n<\/p><div class=\"wpcf7-response-output\" aria-hidden=\"true\"><\/div>\n<\/form>\n<\/div>\n\n","protected":false},"excerpt":{"rendered":"<p>Redaccion de producto cientifico Fundaci\u00f3n Aula Virtual le extiende una invitaci\u00f3n al classroom v\u00eda Zoom cuyo tema es \u00abRedacci\u00f3n Producto Cient\u00edfico\u00bb.&nbsp;Para inscribirte solo debes completar los siguientes datos: Fecha: 5 septiembre 2020 Hora: 5:00 pm. hora Venezuela.<\/p>\n","protected":false},"author":1,"featured_media":0,"parent":0,"menu_order":0,"comment_status":"closed","ping_status":"closed","template":"","meta":{"_monsterinsights_skip_tracking":false,"_monsterinsights_sitenote_active":false,"_monsterinsights_sitenote_note":"","_monsterinsights_sitenote_category":0,"footnotes":""},"class_list":["post-433","page","type-page","status-publish","hentry"],"yoast_head":"<!-- This site is optimized with the Yoast SEO plugin v27.3 - https:\/\/yoast.com\/product\/yoast-seo-wordpress\/ -->\n<title>Classroom - Fundaci\u00f3n Aula Virtual<\/title>\n<meta name=\"robots\" content=\"index, follow, max-snippet:-1, max-image-preview:large, max-video-preview:-1\" \/>\n<link rel=\"canonical\" href=\"https:\/\/aulavirtual.web.ve\/wp\/classroom\/\" \/>\n<meta property=\"og:locale\" content=\"es_ES\" \/>\n<meta property=\"og:type\" content=\"article\" \/>\n<meta property=\"og:title\" content=\"Classroom - Fundaci\u00f3n Aula Virtual\" \/>\n<meta property=\"og:description\" content=\"Redaccion de producto cientifico Fundaci\u00f3n Aula Virtual le extiende una invitaci\u00f3n al classroom v\u00eda Zoom cuyo tema es \u00abRedacci\u00f3n Producto Cient\u00edfico\u00bb.&nbsp;Para inscribirte solo debes completar los siguientes datos: Fecha: 5 septiembre 2020 Hora: 5:00 pm. hora Venezuela.\" \/>\n<meta property=\"og:url\" content=\"https:\/\/aulavirtual.web.ve\/wp\/classroom\/\" \/>\n<meta property=\"og:site_name\" content=\"Fundaci\u00f3n Aula Virtual\" \/>\n<meta property=\"article:modified_time\" content=\"2020-09-04T15:45:04+00:00\" \/>\n<meta name=\"twitter:card\" content=\"summary_large_image\" \/>\n<script type=\"application\/ld+json\" class=\"yoast-schema-graph\">{\"@context\":\"https:\\\/\\\/schema.org\",\"@graph\":[{\"@type\":\"WebPage\",\"@id\":\"https:\\\/\\\/aulavirtual.web.ve\\\/wp\\\/classroom\\\/\",\"url\":\"https:\\\/\\\/aulavirtual.web.ve\\\/wp\\\/classroom\\\/\",\"name\":\"Classroom - Fundaci\u00f3n Aula Virtual\",\"isPartOf\":{\"@id\":\"https:\\\/\\\/aulavirtual.web.ve\\\/wp\\\/#website\"},\"datePublished\":\"2020-08-27T16:29:48+00:00\",\"dateModified\":\"2020-09-04T15:45:04+00:00\",\"breadcrumb\":{\"@id\":\"https:\\\/\\\/aulavirtual.web.ve\\\/wp\\\/classroom\\\/#breadcrumb\"},\"inLanguage\":\"es\",\"potentialAction\":[{\"@type\":\"ReadAction\",\"target\":[\"https:\\\/\\\/aulavirtual.web.ve\\\/wp\\\/classroom\\\/\"]}]},{\"@type\":\"BreadcrumbList\",\"@id\":\"https:\\\/\\\/aulavirtual.web.ve\\\/wp\\\/classroom\\\/#breadcrumb\",\"itemListElement\":[{\"@type\":\"ListItem\",\"position\":1,\"name\":\"Portada\",\"item\":\"https:\\\/\\\/aulavirtual.web.ve\\\/wp\\\/\"},{\"@type\":\"ListItem\",\"position\":2,\"name\":\"Classroom\"}]},{\"@type\":\"WebSite\",\"@id\":\"https:\\\/\\\/aulavirtual.web.ve\\\/wp\\\/#website\",\"url\":\"https:\\\/\\\/aulavirtual.web.ve\\\/wp\\\/\",\"name\":\"Fundaci\u00f3n Aula Virtual\",\"description\":\"FUNDACI\u00d3N AULA VIRTUAL\",\"publisher\":{\"@id\":\"https:\\\/\\\/aulavirtual.web.ve\\\/wp\\\/#organization\"},\"potentialAction\":[{\"@type\":\"SearchAction\",\"target\":{\"@type\":\"EntryPoint\",\"urlTemplate\":\"https:\\\/\\\/aulavirtual.web.ve\\\/wp\\\/?s={search_term_string}\"},\"query-input\":{\"@type\":\"PropertyValueSpecification\",\"valueRequired\":true,\"valueName\":\"search_term_string\"}}],\"inLanguage\":\"es\"},{\"@type\":\"Organization\",\"@id\":\"https:\\\/\\\/aulavirtual.web.ve\\\/wp\\\/#organization\",\"name\":\"Fundaci\u00f3n Aula Virtual\",\"url\":\"https:\\\/\\\/aulavirtual.web.ve\\\/wp\\\/\",\"logo\":{\"@type\":\"ImageObject\",\"inLanguage\":\"es\",\"@id\":\"https:\\\/\\\/aulavirtual.web.ve\\\/wp\\\/#\\\/schema\\\/logo\\\/image\\\/\",\"url\":\"https:\\\/\\\/aulavirtual.web.ve\\\/wp\\\/wp-content\\\/uploads\\\/2020\\\/06\\\/cropped-Logo-1-copia.png\",\"contentUrl\":\"https:\\\/\\\/aulavirtual.web.ve\\\/wp\\\/wp-content\\\/uploads\\\/2020\\\/06\\\/cropped-Logo-1-copia.png\",\"width\":200,\"height\":50,\"caption\":\"Fundaci\u00f3n Aula Virtual\"},\"image\":{\"@id\":\"https:\\\/\\\/aulavirtual.web.ve\\\/wp\\\/#\\\/schema\\\/logo\\\/image\\\/\"}}]}<\/script>\n<!-- \/ Yoast SEO plugin. -->","yoast_head_json":{"title":"Classroom - Fundaci\u00f3n Aula Virtual","robots":{"index":"index","follow":"follow","max-snippet":"max-snippet:-1","max-image-preview":"max-image-preview:large","max-video-preview":"max-video-preview:-1"},"canonical":"https:\/\/aulavirtual.web.ve\/wp\/classroom\/","og_locale":"es_ES","og_type":"article","og_title":"Classroom - Fundaci\u00f3n Aula Virtual","og_description":"Redaccion de producto cientifico Fundaci\u00f3n Aula Virtual le extiende una invitaci\u00f3n al classroom v\u00eda Zoom cuyo tema es \u00abRedacci\u00f3n Producto Cient\u00edfico\u00bb.&nbsp;Para inscribirte solo debes completar los siguientes datos: Fecha: 5 septiembre 2020 Hora: 5:00 pm. hora Venezuela.","og_url":"https:\/\/aulavirtual.web.ve\/wp\/classroom\/","og_site_name":"Fundaci\u00f3n Aula Virtual","article_modified_time":"2020-09-04T15:45:04+00:00","twitter_card":"summary_large_image","schema":{"@context":"https:\/\/schema.org","@graph":[{"@type":"WebPage","@id":"https:\/\/aulavirtual.web.ve\/wp\/classroom\/","url":"https:\/\/aulavirtual.web.ve\/wp\/classroom\/","name":"Classroom - Fundaci\u00f3n Aula Virtual","isPartOf":{"@id":"https:\/\/aulavirtual.web.ve\/wp\/#website"},"datePublished":"2020-08-27T16:29:48+00:00","dateModified":"2020-09-04T15:45:04+00:00","breadcrumb":{"@id":"https:\/\/aulavirtual.web.ve\/wp\/classroom\/#breadcrumb"},"inLanguage":"es","potentialAction":[{"@type":"ReadAction","target":["https:\/\/aulavirtual.web.ve\/wp\/classroom\/"]}]},{"@type":"BreadcrumbList","@id":"https:\/\/aulavirtual.web.ve\/wp\/classroom\/#breadcrumb","itemListElement":[{"@type":"ListItem","position":1,"name":"Portada","item":"https:\/\/aulavirtual.web.ve\/wp\/"},{"@type":"ListItem","position":2,"name":"Classroom"}]},{"@type":"WebSite","@id":"https:\/\/aulavirtual.web.ve\/wp\/#website","url":"https:\/\/aulavirtual.web.ve\/wp\/","name":"Fundaci\u00f3n Aula Virtual","description":"FUNDACI\u00d3N AULA VIRTUAL","publisher":{"@id":"https:\/\/aulavirtual.web.ve\/wp\/#organization"},"potentialAction":[{"@type":"SearchAction","target":{"@type":"EntryPoint","urlTemplate":"https:\/\/aulavirtual.web.ve\/wp\/?s={search_term_string}"},"query-input":{"@type":"PropertyValueSpecification","valueRequired":true,"valueName":"search_term_string"}}],"inLanguage":"es"},{"@type":"Organization","@id":"https:\/\/aulavirtual.web.ve\/wp\/#organization","name":"Fundaci\u00f3n Aula Virtual","url":"https:\/\/aulavirtual.web.ve\/wp\/","logo":{"@type":"ImageObject","inLanguage":"es","@id":"https:\/\/aulavirtual.web.ve\/wp\/#\/schema\/logo\/image\/","url":"https:\/\/aulavirtual.web.ve\/wp\/wp-content\/uploads\/2020\/06\/cropped-Logo-1-copia.png","contentUrl":"https:\/\/aulavirtual.web.ve\/wp\/wp-content\/uploads\/2020\/06\/cropped-Logo-1-copia.png","width":200,"height":50,"caption":"Fundaci\u00f3n Aula Virtual"},"image":{"@id":"https:\/\/aulavirtual.web.ve\/wp\/#\/schema\/logo\/image\/"}}]}},"_links":{"self":[{"href":"https:\/\/aulavirtual.web.ve\/wp\/wp-json\/wp\/v2\/pages\/433","targetHints":{"allow":["GET"]}}],"collection":[{"href":"https:\/\/aulavirtual.web.ve\/wp\/wp-json\/wp\/v2\/pages"}],"about":[{"href":"https:\/\/aulavirtual.web.ve\/wp\/wp-json\/wp\/v2\/types\/page"}],"author":[{"embeddable":true,"href":"https:\/\/aulavirtual.web.ve\/wp\/wp-json\/wp\/v2\/users\/1"}],"replies":[{"embeddable":true,"href":"https:\/\/aulavirtual.web.ve\/wp\/wp-json\/wp\/v2\/comments?post=433"}],"version-history":[{"count":18,"href":"https:\/\/aulavirtual.web.ve\/wp\/wp-json\/wp\/v2\/pages\/433\/revisions"}],"predecessor-version":[{"id":517,"href":"https:\/\/aulavirtual.web.ve\/wp\/wp-json\/wp\/v2\/pages\/433\/revisions\/517"}],"wp:attachment":[{"href":"https:\/\/aulavirtual.web.ve\/wp\/wp-json\/wp\/v2\/media?parent=433"}],"curies":[{"name":"wp","href":"https:\/\/api.w.org\/{rel}","templated":true}]}}